{"id":27,"date":"2013-02-22T23:15:46","date_gmt":"2013-02-22T22:15:46","guid":{"rendered":"http:\/\/blog.scheiker.de\/?page_id=27"},"modified":"2024-02-16T17:14:05","modified_gmt":"2024-02-16T16:14:05","slug":"impressum","status":"publish","type":"page","link":"https:\/\/blog.scheiker.de\/?page_id=27","title":{"rendered":"Impressum"},"content":{"rendered":"<div>\n<p>Thomas Scheiker<br \/>\nAm Limberg 85<br \/>\n46240 Bottrop<\/p>\n<p>+49 (0) 152 &#8211; 093 833 87<\/p>\n<p>E-Mail: tom(at)scheiker(dot)de<br \/>\nInternet: www.scheiker.de ; https:\/\/blog.scheiker.de; http:\/\/fotografie.scheiker.de; http:\/\/clients.scheiker.de<\/p>\n<p>Inhaltlich Verantwortlich gem\u00e4\u00df \u00a7 10 Absatz 3 MDStV: Thomas Scheiker<\/p>\n<p>Haftungshinweis: Trotz sorgf\u00e4ltiger inhaltlicher Kontrolle \u00fcbernehme ich keine Haftung f\u00fcr die Inhalte externer Links. F\u00fcr den Inhalt der verlinkten Seiten sind ausschliesslich deren Betreiber verantwortlich.<\/p>\n<p><a title=\"Datenschutz\" href=\"https:\/\/blog.scheiker.de\/?page_id=28\">Hinweise zum Datenschutz<\/a><\/p>\n<\/div>\n","protected":false},"excerpt":{"rendered":"<p>Thomas Scheiker Am Limberg 85 46240 Bottrop +49 (0) 152 &#8211; 093 833 87 E-Mail: tom(at)scheiker(dot)de Internet: www.scheiker.de ; https:\/\/blog.scheiker.de; http:\/\/fotografie.scheiker.de; http:\/\/clients.scheiker.de Inhaltlich Verantwortlich gem\u00e4\u00df \u00a7 10 Absatz 3 MDStV: (&hellip;) <a href=\"https:\/\/blog.scheiker.de\/?page_id=27\">Weiterlesen<\/a><\/p>\n","protected":false},"author":1,"featured_media":0,"parent":0,"menu_order":0,"comment_status":"open","ping_status":"open","template":"","meta":{"footnotes":""},"class_list":["post-27","page","type-page","status-publish","hentry"],"_links":{"self":[{"href":"https:\/\/blog.scheiker.de\/index.php?rest_route=\/wp\/v2\/pages\/27","targetHints":{"allow":["GET"]}}],"collection":[{"href":"https:\/\/blog.scheiker.de\/index.php?rest_route=\/wp\/v2\/pages"}],"about":[{"href":"https:\/\/blog.scheiker.de\/index.php?rest_route=\/wp\/v2\/types\/page"}],"author":[{"embeddable":true,"href":"https:\/\/blog.scheiker.de\/index.php?rest_route=\/wp\/v2\/users\/1"}],"replies":[{"embeddable":true,"href":"https:\/\/blog.scheiker.de\/index.php?rest_route=%2Fwp%2Fv2%2Fcomments&post=27"}],"version-history":[{"count":6,"href":"https:\/\/blog.scheiker.de\/index.php?rest_route=\/wp\/v2\/pages\/27\/revisions"}],"predecessor-version":[{"id":1589,"href":"https:\/\/blog.scheiker.de\/index.php?rest_route=\/wp\/v2\/pages\/27\/revisions\/1589"}],"wp:attachment":[{"href":"https:\/\/blog.scheiker.de\/index.php?rest_route=%2Fwp%2Fv2%2Fmedia&parent=27"}],"curies":[{"name":"wp","href":"https:\/\/api.w.org\/{rel}","templated":true}]}}